{"id":17516,"date":"2025-08-27T11:53:09","date_gmt":"2025-08-27T16:53:09","guid":{"rendered":"https:\/\/yacoartgallery.com\/about-us\/"},"modified":"2026-01-07T16:31:30","modified_gmt":"2026-01-07T21:31:30","slug":"about-us","status":"publish","type":"page","link":"https:\/\/yacoartgallery.com\/en\/about-us\/","title":{"rendered":"About us"},"content":{"rendered":"\t\t<div data-elementor-type=\"wp-page\" data-elementor-id=\"17516\" class=\"elementor elementor-17516 elementor-257\" data-elementor-post-type=\"page\">\n\t\t\t\t<div class=\"elementor-element elementor-element-83fb08c e-con-full elementor-hidden-widescreen elementor-hidden-desktop elementor-hidden-laptop elementor-hidden-tablet elementor-hidden-mobile e-flex e-con e-parent\" data-id=\"83fb08c\" data-element_type=\"container\" data-e-type=\"container\" data-settings=\"{&quot;jet_parallax_layout_list&quot;:[]}\">\n\t\t\t\t<div class=\"elementor-element elementor-element-dd8e35e elementor-widget elementor-widget-image\" data-id=\"dd8e35e\" data-element_type=\"widget\" data-e-type=\"widget\" data-widget_type=\"image.default\">\n\t\t\t\t\t\t\t\t\t\t\t\t\t\t\t<img fetchpriority=\"high\" decoding=\"async\" width=\"2300\" height=\"779\" src=\"https:\/\/yacoartgallery.com\/wp-content\/uploads\/2025\/08\/un-caleidoscopio-de-colores-proyectado-en-las-paredes.webp\" class=\"attachment-full size-full wp-image-17515\" alt=\"\" srcset=\"https:\/\/yacoartgallery.com\/wp-content\/uploads\/2025\/08\/un-caleidoscopio-de-colores-proyectado-en-las-paredes.webp 2300w, https:\/\/yacoartgallery.com\/wp-content\/uploads\/2025\/08\/un-caleidoscopio-de-colores-proyectado-en-las-paredes-300x102.webp 300w, https:\/\/yacoartgallery.com\/wp-content\/uploads\/2025\/08\/un-caleidoscopio-de-colores-proyectado-en-las-paredes-1024x347.webp 1024w, https:\/\/yacoartgallery.com\/wp-content\/uploads\/2025\/08\/un-caleidoscopio-de-colores-proyectado-en-las-paredes-768x260.webp 768w, https:\/\/yacoartgallery.com\/wp-content\/uploads\/2025\/08\/un-caleidoscopio-de-colores-proyectado-en-las-paredes-1536x520.webp 1536w, https:\/\/yacoartgallery.com\/wp-content\/uploads\/2025\/08\/un-caleidoscopio-de-colores-proyectado-en-las-paredes-2048x694.webp 2048w\" sizes=\"(max-width: 2300px) 100vw, 2300px\" \/>\t\t\t\t\t\t\t\t\t\t\t\t\t\t\t<\/div>\n\t\t\t\t<\/div>\n\t\t<div class=\"elementor-element elementor-element-e5d05ee e-flex e-con-boxed e-con e-parent\" data-id=\"e5d05ee\" data-element_type=\"container\" data-e-type=\"container\" data-settings=\"{&quot;jet_parallax_layout_list&quot;:[]}\">\n\t\t\t\t\t<div class=\"e-con-inner\">\n\t\t<div class=\"elementor-element elementor-element-364d6a5 e-flex e-con-boxed e-con e-child\" data-id=\"364d6a5\" data-element_type=\"container\" data-e-type=\"container\" data-settings=\"{&quot;jet_parallax_layout_list&quot;:[]}\">\n\t\t\t\t\t<div class=\"e-con-inner\">\n\t\t\t\t<div class=\"elementor-element elementor-element-a40863c elementor-invisible elementor-widget elementor-widget-heading\" data-id=\"a40863c\" data-element_type=\"widget\" data-e-type=\"widget\" data-settings=\"{&quot;_animation&quot;:&quot;fadeIn&quot;}\" data-widget_type=\"heading.default\">\n\t\t\t\t\t<h2 class=\"elementor-heading-title elementor-size-default\">Our History<\/h2>\t\t\t\t<\/div>\n\t\t\t\t<div class=\"elementor-element elementor-element-33cd246 elementor-widget elementor-widget-text-editor\" data-id=\"33cd246\" data-element_type=\"widget\" data-e-type=\"widget\" data-widget_type=\"text-editor.default\">\n\t\t\t\t\t\t\t\t\t<p data-start=\"67\" data-end=\"303\">Yaco Art Gallery has established itself as one of the most representative and longest-running artistic platforms in Panama. Since our inception, we have worked diligently to enrich the regional art scene, focusing our commitment on representing, exhibiting, and promoting artists\u2014both established and emerging\u2014mostly from Latin America. Over the years, we have dedicated ourselves to building close relationships with artists, collectors, and art lovers, creating a community that grows alongside us.  <\/p><p data-start=\"67\" data-end=\"303\">This growth has been made possible by a deep understanding of the Latin American market and a constant commitment to quality and artistic integrity. For almost four decades, Yaco Art Gallery has distinguished itself through the careful selection of pieces that make up its artistic offering, celebrating the wealth of Latin American talent. Through exhibitions, consulting, events, and strategic collaborations, we strengthen our place within the modern and contemporary art scene.  <\/p>\t\t\t\t\t\t\t\t<\/div>\n\t\t\t\t<div class=\"elementor-element elementor-element-4411832 elementor-widget-divider--view-line elementor-widget elementor-widget-divider\" data-id=\"4411832\" data-element_type=\"widget\" data-e-type=\"widget\" data-widget_type=\"divider.default\">\n\t\t\t\t\t\t\t<div class=\"elementor-divider\">\n\t\t\t<span class=\"elementor-divider-separator\">\n\t\t\t\t\t\t<\/span>\n\t\t<\/div>\n\t\t\t\t\t\t<\/div>\n\t\t\t\t\t<\/div>\n\t\t\t\t<\/div>\n\t\t\t\t\t<\/div>\n\t\t\t\t<\/div>\n\t\t<div class=\"elementor-element elementor-element-7eab12d e-flex e-con-boxed e-con e-parent\" data-id=\"7eab12d\" data-element_type=\"container\" data-e-type=\"container\" data-settings=\"{&quot;jet_parallax_layout_list&quot;:[],&quot;background_background&quot;:&quot;classic&quot;}\">\n\t\t\t\t\t<div class=\"e-con-inner\">\n\t\t<div class=\"elementor-element elementor-element-e96371b e-con-full e-flex e-con e-child\" data-id=\"e96371b\" data-element_type=\"container\" data-e-type=\"container\" data-settings=\"{&quot;jet_parallax_layout_list&quot;:[]}\">\n\t\t<div class=\"elementor-element elementor-element-6eafb2c e-con-full e-flex elementor-invisible e-con e-child\" data-id=\"6eafb2c\" data-element_type=\"container\" data-e-type=\"container\" data-settings=\"{&quot;jet_parallax_layout_list&quot;:[],&quot;animation&quot;:&quot;fadeInUp&quot;}\">\n\t\t\t\t<div class=\"elementor-element elementor-element-9b5046b abh_img elementor-widget elementor-widget-image\" data-id=\"9b5046b\" data-element_type=\"widget\" data-e-type=\"widget\" data-widget_type=\"image.default\">\n\t\t\t\t\t\t\t\t\t\t\t\t\t\t\t<img decoding=\"async\" width=\"285\" height=\"450\" src=\"https:\/\/yacoartgallery.com\/wp-content\/uploads\/2025\/08\/Rectangle-29.png\" class=\"attachment-full size-full wp-image-17488\" alt=\"\" srcset=\"https:\/\/yacoartgallery.com\/wp-content\/uploads\/2025\/08\/Rectangle-29.png 285w, https:\/\/yacoartgallery.com\/wp-content\/uploads\/2025\/08\/Rectangle-29-190x300.png 190w\" sizes=\"(max-width: 285px) 100vw, 285px\" \/>\t\t\t\t\t\t\t\t\t\t\t\t\t\t\t<\/div>\n\t\t<div class=\"elementor-element elementor-element-f53142e e-con-full e-flex e-con e-child\" data-id=\"f53142e\" data-element_type=\"container\" data-e-type=\"container\" data-settings=\"{&quot;jet_parallax_layout_list&quot;:[]}\">\n\t\t\t\t<div class=\"elementor-element elementor-element-28e2443 elementor-widget elementor-widget-heading\" data-id=\"28e2443\" data-element_type=\"widget\" data-e-type=\"widget\" data-widget_type=\"heading.default\">\n\t\t\t\t\t<h3 class=\"elementor-heading-title elementor-size-default\">YACO GARCIA<\/h3>\t\t\t\t<\/div>\n\t\t\t\t<\/div>\n\t\t\t\t<\/div>\n\t\t<div class=\"elementor-element elementor-element-977fd5e e-con-full e-flex elementor-invisible e-con e-child\" data-id=\"977fd5e\" data-element_type=\"container\" data-e-type=\"container\" data-settings=\"{&quot;jet_parallax_layout_list&quot;:[],&quot;animation&quot;:&quot;fadeInUp&quot;}\">\n\t\t\t\t<div class=\"elementor-element elementor-element-8212aa2 abh_img elementor-widget elementor-widget-image\" data-id=\"8212aa2\" data-element_type=\"widget\" data-e-type=\"widget\" data-widget_type=\"image.default\">\n\t\t\t\t\t\t\t\t\t\t\t\t\t\t\t<img decoding=\"async\" width=\"285\" height=\"450\" src=\"https:\/\/yacoartgallery.com\/wp-content\/uploads\/2025\/08\/Rectangle-30.png\" class=\"attachment-full size-full wp-image-16791\" alt=\"Cont\u00e1ctate con Sof\u00eda Garc\u00eda\" srcset=\"https:\/\/yacoartgallery.com\/wp-content\/uploads\/2025\/08\/Rectangle-30.png 285w, https:\/\/yacoartgallery.com\/wp-content\/uploads\/2025\/08\/Rectangle-30-190x300.png 190w\" sizes=\"(max-width: 285px) 100vw, 285px\" \/>\t\t\t\t\t\t\t\t\t\t\t\t\t\t\t<\/div>\n\t\t<div class=\"elementor-element elementor-element-94f8f4d e-con-full e-flex e-con e-child\" data-id=\"94f8f4d\" data-element_type=\"container\" data-e-type=\"container\" data-settings=\"{&quot;jet_parallax_layout_list&quot;:[]}\">\n\t\t\t\t<div class=\"elementor-element elementor-element-8670939 elementor-widget elementor-widget-heading\" data-id=\"8670939\" data-element_type=\"widget\" data-e-type=\"widget\" data-widget_type=\"heading.default\">\n\t\t\t\t\t<h2 class=\"elementor-heading-title elementor-size-default\">SOFIA GARCIA<\/h2>\t\t\t\t<\/div>\n\t\t\t\t<\/div>\n\t\t\t\t<\/div>\n\t\t<div class=\"elementor-element elementor-element-a5d3cd4 e-con-full e-flex elementor-invisible e-con e-child\" data-id=\"a5d3cd4\" data-element_type=\"container\" data-e-type=\"container\" data-settings=\"{&quot;jet_parallax_layout_list&quot;:[],&quot;animation&quot;:&quot;fadeInUp&quot;}\">\n\t\t\t\t<div class=\"elementor-element elementor-element-3a2c7eb abh_img elementor-widget elementor-widget-image\" data-id=\"3a2c7eb\" data-element_type=\"widget\" data-e-type=\"widget\" data-widget_type=\"image.default\">\n\t\t\t\t\t\t\t\t\t\t\t\t\t\t\t<img loading=\"lazy\" decoding=\"async\" width=\"285\" height=\"450\" src=\"https:\/\/yacoartgallery.com\/wp-content\/uploads\/2025\/08\/Rectangle-31.png\" class=\"attachment-full size-full wp-image-16794\" alt=\"Cont\u00e1ctate con Roberto Garc\u00eda\" srcset=\"https:\/\/yacoartgallery.com\/wp-content\/uploads\/2025\/08\/Rectangle-31.png 285w, https:\/\/yacoartgallery.com\/wp-content\/uploads\/2025\/08\/Rectangle-31-190x300.png 190w\" sizes=\"(max-width: 285px) 100vw, 285px\" \/>\t\t\t\t\t\t\t\t\t\t\t\t\t\t\t<\/div>\n\t\t<div class=\"elementor-element elementor-element-7cff51c e-con-full e-flex e-con e-child\" data-id=\"7cff51c\" data-element_type=\"container\" data-e-type=\"container\" data-settings=\"{&quot;jet_parallax_layout_list&quot;:[]}\">\n\t\t\t\t<div class=\"elementor-element elementor-element-6a2977d elementor-widget elementor-widget-heading\" data-id=\"6a2977d\" data-element_type=\"widget\" data-e-type=\"widget\" data-widget_type=\"heading.default\">\n\t\t\t\t\t<h2 class=\"elementor-heading-title elementor-size-default\">ROBERTO GARCIA<\/h2>\t\t\t\t<\/div>\n\t\t\t\t<\/div>\n\t\t\t\t<\/div>\n\t\t\t\t<\/div>\n\t\t<div class=\"elementor-element elementor-element-c4278ea e-con-full e-flex e-con e-child\" data-id=\"c4278ea\" data-element_type=\"container\" data-e-type=\"container\" data-settings=\"{&quot;jet_parallax_layout_list&quot;:[]}\">\n\t\t<div class=\"elementor-element elementor-element-3ef34c2 e-con-full e-flex elementor-invisible e-con e-child\" data-id=\"3ef34c2\" data-element_type=\"container\" data-e-type=\"container\" data-settings=\"{&quot;jet_parallax_layout_list&quot;:[],&quot;animation&quot;:&quot;fadeInRight&quot;}\">\n\t\t\t\t<div class=\"elementor-element elementor-element-2aaa0e9 elementor-widget elementor-widget-image\" data-id=\"2aaa0e9\" data-element_type=\"widget\" data-e-type=\"widget\" data-widget_type=\"image.default\">\n\t\t\t\t\t\t\t\t\t\t\t\t\t\t\t<img loading=\"lazy\" decoding=\"async\" width=\"600\" height=\"101\" src=\"https:\/\/yacoartgallery.com\/wp-content\/uploads\/2025\/08\/YACO-ART-GALLERY-LOGO.png\" class=\"attachment-full size-full wp-image-17491\" alt=\"Logo - Yaco Art Gallery\" srcset=\"https:\/\/yacoartgallery.com\/wp-content\/uploads\/2025\/08\/YACO-ART-GALLERY-LOGO.png 600w, https:\/\/yacoartgallery.com\/wp-content\/uploads\/2025\/08\/YACO-ART-GALLERY-LOGO-300x51.png 300w\" sizes=\"(max-width: 600px) 100vw, 600px\" \/>\t\t\t\t\t\t\t\t\t\t\t\t\t\t\t<\/div>\n\t\t\t\t<\/div>\n\t\t\t\t<\/div>\n\t\t\t\t\t<\/div>\n\t\t\t\t<\/div>\n\t\t\t\t<\/div>\n\t\t","protected":false},"excerpt":{"rendered":"<p>Our History Yaco Art Gallery has established itself as one of the most representative and longest-running artistic platforms in Panama. Since our inception, we have worked diligently to enrich the [&hellip;]<\/p>\n","protected":false},"author":1,"featured_media":0,"parent":0,"menu_order":0,"comment_status":"closed","ping_status":"closed","template":"","meta":{"footnotes":""},"class_list":["post-17516","page","type-page","status-publish","hentry"],"yoast_head":"<!-- This site is optimized with the Yoast SEO plugin v27.1.1 - https:\/\/yoast.com\/product\/yoast-seo-wordpress\/ -->\n<title>About us - YACO ART GALLERY<\/title>\n<meta name=\"robots\" content=\"index, follow, max-snippet:-1, max-image-preview:large, max-video-preview:-1\" \/>\n<link rel=\"canonical\" href=\"https:\/\/yacoartgallery.com\/en\/about-us\/\" \/>\n<meta property=\"og:locale\" content=\"en_US\" \/>\n<meta property=\"og:type\" content=\"article\" \/>\n<meta property=\"og:title\" content=\"About us - YACO ART GALLERY\" \/>\n<meta property=\"og:description\" content=\"Our History Yaco Art Gallery has established itself as one of the most representative and longest-running artistic platforms in Panama. Since our inception, we have worked diligently to enrich the [&hellip;]\" \/>\n<meta property=\"og:url\" content=\"https:\/\/yacoartgallery.com\/en\/about-us\/\" \/>\n<meta property=\"og:site_name\" content=\"YACO ART GALLERY\" \/>\n<meta property=\"article:modified_time\" content=\"2026-01-07T21:31:30+00:00\" \/>\n<meta property=\"og:image\" content=\"https:\/\/yacoartgallery.com\/wp-content\/uploads\/2025\/08\/un-caleidoscopio-de-colores-proyectado-en-las-paredes.webp\" \/>\n\t<meta property=\"og:image:width\" content=\"2300\" \/>\n\t<meta property=\"og:image:height\" content=\"779\" \/>\n\t<meta property=\"og:image:type\" content=\"image\/webp\" \/>\n<meta name=\"twitter:card\" content=\"summary_large_image\" \/>\n<meta name=\"twitter:label1\" content=\"Est. reading time\" \/>\n\t<meta name=\"twitter:data1\" content=\"1 minute\" \/>\n<script type=\"application\/ld+json\" class=\"yoast-schema-graph\">{\"@context\":\"https:\/\/schema.org\",\"@graph\":[{\"@type\":\"WebPage\",\"@id\":\"https:\/\/yacoartgallery.com\/en\/about-us\/\",\"url\":\"https:\/\/yacoartgallery.com\/en\/about-us\/\",\"name\":\"About us - YACO ART GALLERY\",\"isPartOf\":{\"@id\":\"https:\/\/yacoartgallery.com\/en\/#website\"},\"primaryImageOfPage\":{\"@id\":\"https:\/\/yacoartgallery.com\/en\/about-us\/#primaryimage\"},\"image\":{\"@id\":\"https:\/\/yacoartgallery.com\/en\/about-us\/#primaryimage\"},\"thumbnailUrl\":\"https:\/\/yacoartgallery.com\/wp-content\/uploads\/2025\/08\/un-caleidoscopio-de-colores-proyectado-en-las-paredes.webp\",\"datePublished\":\"2025-08-27T16:53:09+00:00\",\"dateModified\":\"2026-01-07T21:31:30+00:00\",\"breadcrumb\":{\"@id\":\"https:\/\/yacoartgallery.com\/en\/about-us\/#breadcrumb\"},\"inLanguage\":\"en-US\",\"potentialAction\":[{\"@type\":\"ReadAction\",\"target\":[\"https:\/\/yacoartgallery.com\/en\/about-us\/\"]}]},{\"@type\":\"ImageObject\",\"inLanguage\":\"en-US\",\"@id\":\"https:\/\/yacoartgallery.com\/en\/about-us\/#primaryimage\",\"url\":\"https:\/\/yacoartgallery.com\/wp-content\/uploads\/2025\/08\/un-caleidoscopio-de-colores-proyectado-en-las-paredes.webp\",\"contentUrl\":\"https:\/\/yacoartgallery.com\/wp-content\/uploads\/2025\/08\/un-caleidoscopio-de-colores-proyectado-en-las-paredes.webp\"},{\"@type\":\"BreadcrumbList\",\"@id\":\"https:\/\/yacoartgallery.com\/en\/about-us\/#breadcrumb\",\"itemListElement\":[{\"@type\":\"ListItem\",\"position\":1,\"name\":\"Portada\",\"item\":\"https:\/\/yacoartgallery.com\/en\/home\/\"},{\"@type\":\"ListItem\",\"position\":2,\"name\":\"About us\"}]},{\"@type\":\"WebSite\",\"@id\":\"https:\/\/yacoartgallery.com\/en\/#website\",\"url\":\"https:\/\/yacoartgallery.com\/en\/\",\"name\":\"YACO ART GALLERY\",\"description\":\"\",\"publisher\":{\"@id\":\"https:\/\/yacoartgallery.com\/en\/#organization\"},\"potentialAction\":[{\"@type\":\"SearchAction\",\"target\":{\"@type\":\"EntryPoint\",\"urlTemplate\":\"https:\/\/yacoartgallery.com\/en\/?s={search_term_string}\"},\"query-input\":{\"@type\":\"PropertyValueSpecification\",\"valueRequired\":true,\"valueName\":\"search_term_string\"}}],\"inLanguage\":\"en-US\"},{\"@type\":\"Organization\",\"@id\":\"https:\/\/yacoartgallery.com\/en\/#organization\",\"name\":\"YACO ART GALLERY\",\"url\":\"https:\/\/yacoartgallery.com\/en\/\",\"logo\":{\"@type\":\"ImageObject\",\"inLanguage\":\"en-US\",\"@id\":\"https:\/\/yacoartgallery.com\/en\/#\/schema\/logo\/image\/\",\"url\":\"https:\/\/yacoartgallery.com\/wp-content\/uploads\/2025\/08\/YACO-ART-GALLERY-LOGO-1.png\",\"contentUrl\":\"https:\/\/yacoartgallery.com\/wp-content\/uploads\/2025\/08\/YACO-ART-GALLERY-LOGO-1.png\",\"width\":600,\"height\":101,\"caption\":\"YACO ART GALLERY\"},\"image\":{\"@id\":\"https:\/\/yacoartgallery.com\/en\/#\/schema\/logo\/image\/\"},\"sameAs\":[\"https:\/\/www.instagram.com\/yacoartgallery\/\"]}]}<\/script>\n<!-- \/ Yoast SEO plugin. -->","yoast_head_json":{"title":"About us - YACO ART GALLERY","robots":{"index":"index","follow":"follow","max-snippet":"max-snippet:-1","max-image-preview":"max-image-preview:large","max-video-preview":"max-video-preview:-1"},"canonical":"https:\/\/yacoartgallery.com\/en\/about-us\/","og_locale":"en_US","og_type":"article","og_title":"About us - YACO ART GALLERY","og_description":"Our History Yaco Art Gallery has established itself as one of the most representative and longest-running artistic platforms in Panama. Since our inception, we have worked diligently to enrich the [&hellip;]","og_url":"https:\/\/yacoartgallery.com\/en\/about-us\/","og_site_name":"YACO ART GALLERY","article_modified_time":"2026-01-07T21:31:30+00:00","og_image":[{"width":2300,"height":779,"url":"https:\/\/yacoartgallery.com\/wp-content\/uploads\/2025\/08\/un-caleidoscopio-de-colores-proyectado-en-las-paredes.webp","type":"image\/webp"}],"twitter_card":"summary_large_image","twitter_misc":{"Est. reading time":"1 minute"},"schema":{"@context":"https:\/\/schema.org","@graph":[{"@type":"WebPage","@id":"https:\/\/yacoartgallery.com\/en\/about-us\/","url":"https:\/\/yacoartgallery.com\/en\/about-us\/","name":"About us - YACO ART GALLERY","isPartOf":{"@id":"https:\/\/yacoartgallery.com\/en\/#website"},"primaryImageOfPage":{"@id":"https:\/\/yacoartgallery.com\/en\/about-us\/#primaryimage"},"image":{"@id":"https:\/\/yacoartgallery.com\/en\/about-us\/#primaryimage"},"thumbnailUrl":"https:\/\/yacoartgallery.com\/wp-content\/uploads\/2025\/08\/un-caleidoscopio-de-colores-proyectado-en-las-paredes.webp","datePublished":"2025-08-27T16:53:09+00:00","dateModified":"2026-01-07T21:31:30+00:00","breadcrumb":{"@id":"https:\/\/yacoartgallery.com\/en\/about-us\/#breadcrumb"},"inLanguage":"en-US","potentialAction":[{"@type":"ReadAction","target":["https:\/\/yacoartgallery.com\/en\/about-us\/"]}]},{"@type":"ImageObject","inLanguage":"en-US","@id":"https:\/\/yacoartgallery.com\/en\/about-us\/#primaryimage","url":"https:\/\/yacoartgallery.com\/wp-content\/uploads\/2025\/08\/un-caleidoscopio-de-colores-proyectado-en-las-paredes.webp","contentUrl":"https:\/\/yacoartgallery.com\/wp-content\/uploads\/2025\/08\/un-caleidoscopio-de-colores-proyectado-en-las-paredes.webp"},{"@type":"BreadcrumbList","@id":"https:\/\/yacoartgallery.com\/en\/about-us\/#breadcrumb","itemListElement":[{"@type":"ListItem","position":1,"name":"Portada","item":"https:\/\/yacoartgallery.com\/en\/home\/"},{"@type":"ListItem","position":2,"name":"About us"}]},{"@type":"WebSite","@id":"https:\/\/yacoartgallery.com\/en\/#website","url":"https:\/\/yacoartgallery.com\/en\/","name":"YACO ART GALLERY","description":"","publisher":{"@id":"https:\/\/yacoartgallery.com\/en\/#organization"},"potentialAction":[{"@type":"SearchAction","target":{"@type":"EntryPoint","urlTemplate":"https:\/\/yacoartgallery.com\/en\/?s={search_term_string}"},"query-input":{"@type":"PropertyValueSpecification","valueRequired":true,"valueName":"search_term_string"}}],"inLanguage":"en-US"},{"@type":"Organization","@id":"https:\/\/yacoartgallery.com\/en\/#organization","name":"YACO ART GALLERY","url":"https:\/\/yacoartgallery.com\/en\/","logo":{"@type":"ImageObject","inLanguage":"en-US","@id":"https:\/\/yacoartgallery.com\/en\/#\/schema\/logo\/image\/","url":"https:\/\/yacoartgallery.com\/wp-content\/uploads\/2025\/08\/YACO-ART-GALLERY-LOGO-1.png","contentUrl":"https:\/\/yacoartgallery.com\/wp-content\/uploads\/2025\/08\/YACO-ART-GALLERY-LOGO-1.png","width":600,"height":101,"caption":"YACO ART GALLERY"},"image":{"@id":"https:\/\/yacoartgallery.com\/en\/#\/schema\/logo\/image\/"},"sameAs":["https:\/\/www.instagram.com\/yacoartgallery\/"]}]}},"_links":{"self":[{"href":"https:\/\/yacoartgallery.com\/en\/wp-json\/wp\/v2\/pages\/17516","targetHints":{"allow":["GET"]}}],"collection":[{"href":"https:\/\/yacoartgallery.com\/en\/wp-json\/wp\/v2\/pages"}],"about":[{"href":"https:\/\/yacoartgallery.com\/en\/wp-json\/wp\/v2\/types\/page"}],"author":[{"embeddable":true,"href":"https:\/\/yacoartgallery.com\/en\/wp-json\/wp\/v2\/users\/1"}],"replies":[{"embeddable":true,"href":"https:\/\/yacoartgallery.com\/en\/wp-json\/wp\/v2\/comments?post=17516"}],"version-history":[{"count":1,"href":"https:\/\/yacoartgallery.com\/en\/wp-json\/wp\/v2\/pages\/17516\/revisions"}],"predecessor-version":[{"id":17519,"href":"https:\/\/yacoartgallery.com\/en\/wp-json\/wp\/v2\/pages\/17516\/revisions\/17519"}],"wp:attachment":[{"href":"https:\/\/yacoartgallery.com\/en\/wp-json\/wp\/v2\/media?parent=17516"}],"curies":[{"name":"wp","href":"https:\/\/api.w.org\/{rel}","templated":true}]}}